{"id":16516,"date":"2020-11-18T11:50:28","date_gmt":"2020-11-18T10:50:28","guid":{"rendered":"https:\/\/www.cantinivetro.com\/?page_id=16516"},"modified":"2021-01-19T12:19:16","modified_gmt":"2021-01-19T11:19:16","slug":"cookie-policy","status":"publish","type":"page","link":"https:\/\/cantinivetro.com\/it\/cookie-policy\/","title":{"rendered":"Cookie Policy"},"content":{"rendered":"<div style=\"color: white;\">\n<h2 style=\"text-align: center;\">COOKIE POLICY<\/h2>\n<p>La presente Cookie Policy \u00e8 resa da Cantini Vetro s.r.l. (anche solo \u201cCantini Vetro\u201d o \u201cTitolare\u201d nel prosieguo), con sede in Via delle citt\u00e0, 62 &#8211; 50052 Certaldo, FIRENZE (Italia), C.F. 05045470480, in qualit\u00e0 di Titolare del trattamento dei dati di navigazione sul sito <a href=\"https:\/\/cantinivetro.com\">www.cantinivetro.com<\/a> (\u201cSito\u201d) ai sensi dell\u2019art. 13 del Regolamento UE 2016\/679 (&#8220;Regolamento&#8221;) e 122 del D. Lgs n.196\/2003, come aggiornato dal D. Lgs 101\/2018 (in seguito \u201cCodice Privacy\u201d), tenuto conto del Provvedimento dell\u2019Autorit\u00e0 Garante dell\u20198 Maggio 2014 \u201cIndividuazione delle modalit\u00e0 semplificate per l\u2019informativa e l\u2019acquisizione del consenso per l\u2019uso dei cookie\u201d (Pubblicato sulla Gazzetta Ufficiale n. 126 del 3 giugno 2014).<\/p>\n<p>I cookie sono stringhe di testo di piccole dimensioni che i siti visitati dall&#8217;utente inviano al suo terminale (solitamente al browser), dove vengono memorizzati per essere poi ritrasmessi agli stessi siti alla successiva visita del medesimo utente. Nel corso della navigazione su un sito, l&#8217;utente pu\u00f2 ricevere sul suo terminale anche cookie che vengono inviati da siti o da web server diversi (c.d. \u201cterze parti\u201d), sui quali possono risiedere alcuni elementi (quali, ad esempio, immagini, mappe, suoni, specifici link a pagine di altri domini) presenti sul sito che lo stesso sta visitando.<\/p>\n<h3><strong>TIPOLOGIE DI COOKIE<\/strong><\/h3>\n<p>In base alle caratteristiche e all\u2019utilizzo dei cookie si possono distinguere in diverse categorie, tra cui principalmente:<\/p>\n<p><strong>Cookie tecnici<\/strong>: i cookie tecnici sono quelli il cui utilizzo non richiede il consenso dell\u2019Utente. I cookie tecnici sono utilizzati ad esempio per rendere possibile la navigazione dell\u2019Utente sul Sito e consentirgli di utilizzarne le funzionalit\u00e0. I cookie di navigazione sono normalmente Cookie di sessione e, pertanto, una volta chiuso il browser di navigazione, vengono disattivati automaticamente. Altri Cookie tecnici sono utili per consentire di memorizzare alcune preferenze dell\u2019Utente senza doverle reimpostare nel corso delle visite successive (c.d. cookie di Funzionalit\u00e0).<\/p>\n<p><strong>Cookie statistici (analytics)<\/strong>: sono cookie utilizzati per raccogliere e analizzare il traffico e l\u2019utilizzo del Sito. Questi cookie consentono, per esempio, di rilevare se il medesimo utente torna a collegarsi in momenti diversi. Permettono inoltre di monitorare il sistema e migliorarne le prestazioni e l\u2019usabilit\u00e0. La disattivazione di tali cookie pu\u00f2 essere eseguita senza alcuna perdita di funzionalit\u00e0. I cookie statistici sono assimilati ai cookie tecnici laddove utilizzati direttamente dal gestore del sito per raccogliere informazioni, in forma aggregata, sul numero degli utenti e su come questi visitano il sito stesso.<\/p>\n<p>Il Sito non fa uso di cookie di profilazione.<\/p>\n<h4><strong>GOOGLE ANALYTICS<\/strong><\/h4>\n<p>Il Sito fa uso di Google Analytics. Si tratta di un servizio di analisi web, fornito dalla societ\u00e0 americana Google LLC (\u201cGoogle\u201d), che utilizza i dati personali raccolti allo scopo di tracciare ed esaminare l\u2019utilizzo di questo Sito, compilare report e condividerli con gli altri servizi sviluppati da Google.<\/p>\n<p>Per ulteriori informazioni relative a Google Analytics \u00e8 possibile consultare i siti: <a href=\"https:\/\/www.google.it\/policies\/privacy\/partners\/\">https:\/\/www.google.it\/policies\/privacy\/partners\/<\/a><\/p>\n<p><a href=\"https:\/\/developers.google.com\/analytics\/devguides\/collection\/analyticsjs\/cookieusage\">https:\/\/developers.google.com\/analytics\/devguides\/collection\/analyticsjs\/cookieusage<\/a><\/p>\n<p>\u00c8 possibile disabilitare l\u2019azione di Google Analytics attraverso l\u2019opt out:<\/p>\n<p><a href=\"https:\/\/tools.google.com\/dlpage\/gaoptout\">https:\/\/tools.google.com\/dlpage\/gaoptout<\/a><\/p>\n<h3><strong>ELIMINARE O DISATTIVARE I COOKIE<\/strong><\/h3>\n<p>Fatta eccezione per i Cookie tecnici strettamente necessari alla normale navigazione, il conferimento dei Dati \u00e8 rimesso alla volont\u00e0 dell\u2019Utente che decide di navigare sul sito dopo aver preso visione dell\u2019informativa breve contenuta nell\u2019apposito banner e di usufruire dei servizi di terze parti che comportano l\u2019installazione di Cookie. L\u2019Utente pu\u00f2 quindi evitare l\u2019installazione dei Cookie mantenendo il banner o attraverso le apposite funzioni disponibili sul proprio browser o in questa policy. L\u2019Utente pu\u00f2 gestire le preferenze relative ai Cookie direttamente all\u2019interno del suo browser ed impedire che terze parti possano installarne.<\/p>\n<p>\u00c8 importante che l\u2019Utente sappia che disabilitando tutti i Cookie, il funzionamento di questo Sito potrebbe essere compromesso.<\/p>\n<p>Ciascun browser presenta procedure diverse per la gestione delle impostazioni.<\/p>\n<p>L\u2019Utente pu\u00f2 ottenere istruzioni specifiche attraverso i link sottostanti.<\/p>\n<p>Eliminare\/disattivare i cookie Android al seguente indirizzo:<\/p>\n<p><a href=\"https:\/\/support.google.com\/chrome\/answer\/2392971?hl=it-IT\">https:\/\/support.google.com\/chrome\/answer\/2392971?hl=it-IT<\/a><\/p>\n<p>Eliminare\/disattivare i cookie di Mozilla Firefox al seguente indirizzo:<\/p>\n<p><a href=\"http:\/\/support.mozilla.com\/it\/kb\/Eliminare%20i%20cookie\">http:\/\/support.mozilla.com\/it\/kb\/Eliminare%20i%20cookie<\/a><\/p>\n<p>Eliminare\/disattivare i cookie con Chrome al seguente indirizzo:<\/p>\n<p><a href=\"http:\/\/support.google.com\/chrome\/bin\/answer.py?hl=it&amp;answer=95647\">http:\/\/support.google.com\/chrome\/bin\/answer.py?hl=it&amp;answer=95647<\/a><\/p>\n<p>Eliminare\/disattivare i cookie con Safari al seguente indirizzo:<\/p>\n<p><a href=\"http:\/\/support.apple.com\/kb\/PH5042\">http:\/\/support.apple.com\/kb\/PH5042<\/a><\/p>\n<p>Eliminare\/disattivare i cookie con Opera al seguente indirizzo:<\/p>\n<p><a href=\"http:\/\/www.opera.com\/browser\/tutorials\/security\/privacy\/\">http:\/\/www.opera.com\/browser\/tutorials\/security\/privacy\/<\/a><\/p>\n<p>Eliminare\/disattivare i cookie iOS al seguente indirizzo:<\/p>\n<p><a href=\"https:\/\/support.apple.com\/it-it\/HT201265\">https:\/\/support.apple.com\/it-it\/HT201265<\/a>\n<\/div>\n","protected":false},"excerpt":{"rendered":"<p>COOKIE POLICY La presente Cookie Policy \u00e8 resa da Cantini Vetro s.r.l. (anche solo \u201cCantini Vetro\u201d o \u201cTitolare\u201d nel prosieguo), con sede in Via delle citt\u00e0, 62 &#8211; 50052 Certaldo, FIRENZE (Italia), C.F. 05045470480, in qualit\u00e0 di Titolare del trattamento [&hellip;]<\/p>\n","protected":false},"author":1,"featured_media":0,"parent":0,"menu_order":0,"comment_status":"closed","ping_status":"closed","template":"","meta":[],"yoast_head":"<!-- This site is optimized with the Yoast SEO Premium plugin v20.2.1 (Yoast SEO v20.2.1) - https:\/\/yoast.com\/wordpress\/plugins\/seo\/ -->\n<title>Cookie Policy - Cantini Vetro<\/title>\n<meta name=\"robots\" content=\"index, follow, max-snippet:-1, max-image-preview:large, max-video-preview:-1\" \/>\n<link rel=\"canonical\" href=\"https:\/\/cantinivetro.com\/it\/cookie-policy\/\" \/>\n<meta property=\"og:locale\" content=\"it_IT\" \/>\n<meta property=\"og:type\" content=\"article\" \/>\n<meta property=\"og:title\" content=\"Cookie Policy\" \/>\n<meta property=\"og:description\" content=\"COOKIE POLICY La presente Cookie Policy \u00e8 resa da Cantini Vetro s.r.l. (anche solo \u201cCantini Vetro\u201d o \u201cTitolare\u201d nel prosieguo), con sede in Via delle citt\u00e0, 62 &#8211; 50052 Certaldo, FIRENZE (Italia), C.F. 05045470480, in qualit\u00e0 di Titolare del trattamento [&hellip;]\" \/>\n<meta property=\"og:url\" content=\"https:\/\/cantinivetro.com\/it\/cookie-policy\/\" \/>\n<meta property=\"og:site_name\" content=\"Cantini Vetro\" \/>\n<meta property=\"article:publisher\" content=\"https:\/\/www.facebook.com\/cantinivetrosrl\/\" \/>\n<meta property=\"article:modified_time\" content=\"2021-01-19T11:19:16+00:00\" \/>\n<meta name=\"twitter:card\" content=\"summary_large_image\" \/>\n<meta name=\"twitter:label1\" content=\"Tempo di lettura stimato\" \/>\n\t<meta name=\"twitter:data1\" content=\"4 minuti\" \/>\n<script type=\"application\/ld+json\" class=\"yoast-schema-graph\">{\"@context\":\"https:\/\/schema.org\",\"@graph\":[{\"@type\":\"WebPage\",\"@id\":\"https:\/\/cantinivetro.com\/it\/cookie-policy\/\",\"url\":\"https:\/\/cantinivetro.com\/it\/cookie-policy\/\",\"name\":\"Cookie Policy - Cantini Vetro\",\"isPartOf\":{\"@id\":\"https:\/\/cantinivetro.com\/it\/#website\"},\"datePublished\":\"2020-11-18T10:50:28+00:00\",\"dateModified\":\"2021-01-19T11:19:16+00:00\",\"breadcrumb\":{\"@id\":\"https:\/\/cantinivetro.com\/it\/cookie-policy\/#breadcrumb\"},\"inLanguage\":\"it-IT\",\"potentialAction\":[{\"@type\":\"ReadAction\",\"target\":[\"https:\/\/cantinivetro.com\/it\/cookie-policy\/\"]}]},{\"@type\":\"BreadcrumbList\",\"@id\":\"https:\/\/cantinivetro.com\/it\/cookie-policy\/#breadcrumb\",\"itemListElement\":[{\"@type\":\"ListItem\",\"position\":1,\"name\":\"Home\",\"item\":\"https:\/\/cantinivetro.com\/it\/\"},{\"@type\":\"ListItem\",\"position\":2,\"name\":\"Cookie Policy\"}]},{\"@type\":\"WebSite\",\"@id\":\"https:\/\/cantinivetro.com\/it\/#website\",\"url\":\"https:\/\/cantinivetro.com\/it\/\",\"name\":\"Cantini Vetro\",\"description\":\"Produzione e design bottiglie in vetro\",\"publisher\":{\"@id\":\"https:\/\/cantinivetro.com\/it\/#organization\"},\"potentialAction\":[{\"@type\":\"SearchAction\",\"target\":{\"@type\":\"EntryPoint\",\"urlTemplate\":\"https:\/\/cantinivetro.com\/it\/?s={search_term_string}\"},\"query-input\":\"required name=search_term_string\"}],\"inLanguage\":\"it-IT\"},{\"@type\":\"Organization\",\"@id\":\"https:\/\/cantinivetro.com\/it\/#organization\",\"name\":\"Cantini Vetro\",\"url\":\"https:\/\/cantinivetro.com\/it\/\",\"logo\":{\"@type\":\"ImageObject\",\"inLanguage\":\"it-IT\",\"@id\":\"https:\/\/cantinivetro.com\/it\/#\/schema\/logo\/image\/\",\"url\":\"https:\/\/cantinivetro.com\/wp-content\/uploads\/2019\/12\/logo.jpg\",\"contentUrl\":\"https:\/\/cantinivetro.com\/wp-content\/uploads\/2019\/12\/logo.jpg\",\"width\":190,\"height\":252,\"caption\":\"Cantini Vetro\"},\"image\":{\"@id\":\"https:\/\/cantinivetro.com\/it\/#\/schema\/logo\/image\/\"},\"sameAs\":[\"https:\/\/www.facebook.com\/cantinivetrosrl\/\",\"https:\/\/www.instagram.com\/cantini_vetro\/\",\"https:\/\/www.linkedin.com\/company\/cantini-vetro\"]}]}<\/script>\n<!-- \/ Yoast SEO Premium plugin. -->","yoast_head_json":{"title":"Cookie Policy - Cantini Vetro","robots":{"index":"index","follow":"follow","max-snippet":"max-snippet:-1","max-image-preview":"max-image-preview:large","max-video-preview":"max-video-preview:-1"},"canonical":"https:\/\/cantinivetro.com\/it\/cookie-policy\/","og_locale":"it_IT","og_type":"article","og_title":"Cookie Policy","og_description":"COOKIE POLICY La presente Cookie Policy \u00e8 resa da Cantini Vetro s.r.l. (anche solo \u201cCantini Vetro\u201d o \u201cTitolare\u201d nel prosieguo), con sede in Via delle citt\u00e0, 62 &#8211; 50052 Certaldo, FIRENZE (Italia), C.F. 05045470480, in qualit\u00e0 di Titolare del trattamento [&hellip;]","og_url":"https:\/\/cantinivetro.com\/it\/cookie-policy\/","og_site_name":"Cantini Vetro","article_publisher":"https:\/\/www.facebook.com\/cantinivetrosrl\/","article_modified_time":"2021-01-19T11:19:16+00:00","twitter_card":"summary_large_image","twitter_misc":{"Tempo di lettura stimato":"4 minuti"},"schema":{"@context":"https:\/\/schema.org","@graph":[{"@type":"WebPage","@id":"https:\/\/cantinivetro.com\/it\/cookie-policy\/","url":"https:\/\/cantinivetro.com\/it\/cookie-policy\/","name":"Cookie Policy - Cantini Vetro","isPartOf":{"@id":"https:\/\/cantinivetro.com\/it\/#website"},"datePublished":"2020-11-18T10:50:28+00:00","dateModified":"2021-01-19T11:19:16+00:00","breadcrumb":{"@id":"https:\/\/cantinivetro.com\/it\/cookie-policy\/#breadcrumb"},"inLanguage":"it-IT","potentialAction":[{"@type":"ReadAction","target":["https:\/\/cantinivetro.com\/it\/cookie-policy\/"]}]},{"@type":"BreadcrumbList","@id":"https:\/\/cantinivetro.com\/it\/cookie-policy\/#breadcrumb","itemListElement":[{"@type":"ListItem","position":1,"name":"Home","item":"https:\/\/cantinivetro.com\/it\/"},{"@type":"ListItem","position":2,"name":"Cookie Policy"}]},{"@type":"WebSite","@id":"https:\/\/cantinivetro.com\/it\/#website","url":"https:\/\/cantinivetro.com\/it\/","name":"Cantini Vetro","description":"Produzione e design bottiglie in vetro","publisher":{"@id":"https:\/\/cantinivetro.com\/it\/#organization"},"potentialAction":[{"@type":"SearchAction","target":{"@type":"EntryPoint","urlTemplate":"https:\/\/cantinivetro.com\/it\/?s={search_term_string}"},"query-input":"required name=search_term_string"}],"inLanguage":"it-IT"},{"@type":"Organization","@id":"https:\/\/cantinivetro.com\/it\/#organization","name":"Cantini Vetro","url":"https:\/\/cantinivetro.com\/it\/","logo":{"@type":"ImageObject","inLanguage":"it-IT","@id":"https:\/\/cantinivetro.com\/it\/#\/schema\/logo\/image\/","url":"https:\/\/cantinivetro.com\/wp-content\/uploads\/2019\/12\/logo.jpg","contentUrl":"https:\/\/cantinivetro.com\/wp-content\/uploads\/2019\/12\/logo.jpg","width":190,"height":252,"caption":"Cantini Vetro"},"image":{"@id":"https:\/\/cantinivetro.com\/it\/#\/schema\/logo\/image\/"},"sameAs":["https:\/\/www.facebook.com\/cantinivetrosrl\/","https:\/\/www.instagram.com\/cantini_vetro\/","https:\/\/www.linkedin.com\/company\/cantini-vetro"]}]}},"_links":{"self":[{"href":"https:\/\/cantinivetro.com\/it\/wp-json\/wp\/v2\/pages\/16516"}],"collection":[{"href":"https:\/\/cantinivetro.com\/it\/wp-json\/wp\/v2\/pages"}],"about":[{"href":"https:\/\/cantinivetro.com\/it\/wp-json\/wp\/v2\/types\/page"}],"author":[{"embeddable":true,"href":"https:\/\/cantinivetro.com\/it\/wp-json\/wp\/v2\/users\/1"}],"replies":[{"embeddable":true,"href":"https:\/\/cantinivetro.com\/it\/wp-json\/wp\/v2\/comments?post=16516"}],"version-history":[{"count":0,"href":"https:\/\/cantinivetro.com\/it\/wp-json\/wp\/v2\/pages\/16516\/revisions"}],"wp:attachment":[{"href":"https:\/\/cantinivetro.com\/it\/wp-json\/wp\/v2\/media?parent=16516"}],"curies":[{"name":"wp","href":"https:\/\/api.w.org\/{rel}","templated":true}]}}